{"id":247,"date":"2022-02-01T16:41:40","date_gmt":"2022-02-01T16:41:40","guid":{"rendered":"https:\/\/www.dieimmobewertung.ch\/?page_id=247"},"modified":"2024-02-01T10:53:00","modified_gmt":"2024-02-01T10:53:00","slug":"die-unabhaengige-immobilienbewertung","status":"publish","type":"page","link":"https:\/\/www.dieimmobewertung.ch\/","title":{"rendered":"Unabh\u00e4ngige Immobilienbewertung"},"content":{"rendered":"\n<div class=\"wp-block-columns is-layout-flex wp-container-core-columns-is-layout-9d6595d7 wp-block-columns-is-layout-flex\">\n<div class=\"wp-block-column is-layout-flow wp-block-column-is-layout-flow\"><div class=\"wp-block-image\">\n<figure class=\"aligncenter size-large is-resized\"><img loading=\"lazy\" decoding=\"async\" width=\"1024\" height=\"95\" src=\"http:\/\/www.dieimmobewertung.ch\/wp-content\/uploads\/2022\/01\/logos_dieimmobewertung.ch_png-1024x95.png\" alt=\"\" class=\"wp-image-83\" style=\"width:512px;height:48px\" srcset=\"https:\/\/www.dieimmobewertung.ch\/wp-content\/uploads\/2022\/01\/logos_dieimmobewertung.ch_png-1024x95.png 1024w, https:\/\/www.dieimmobewertung.ch\/wp-content\/uploads\/2022\/01\/logos_dieimmobewertung.ch_png-300x28.png 300w, https:\/\/www.dieimmobewertung.ch\/wp-content\/uploads\/2022\/01\/logos_dieimmobewertung.ch_png-768x71.png 768w, https:\/\/www.dieimmobewertung.ch\/wp-content\/uploads\/2022\/01\/logos_dieimmobewertung.ch_png-1536x142.png 1536w, https:\/\/www.dieimmobewertung.ch\/wp-content\/uploads\/2022\/01\/logos_dieimmobewertung.ch_png-2048x190.png 2048w\" sizes=\"auto, (max-width: 1024px) 100vw, 1024px\" \/><\/figure>\n<\/div><\/div>\n<\/div>\n\n\n\n<div class=\"wp-block-columns is-layout-flex wp-container-core-columns-is-layout-9d6595d7 wp-block-columns-is-layout-flex\">\n<div class=\"wp-block-column test is-layout-flow wp-block-column-is-layout-flow\">\n<figure class=\"wp-block-image size-full is-resized\"><a href=\"https:\/\/www.dieimmobewertung.ch\/?page_id=404\" target=\"_blank\" rel=\"noopener\"><img loading=\"lazy\" decoding=\"async\" width=\"512\" height=\"512\" src=\"http:\/\/www.dieimmobewertung.ch\/wp-content\/uploads\/2022\/05\/test_chat.png\" alt=\"\" class=\"wp-image-374\" style=\"width:50px;height:50px\" srcset=\"https:\/\/www.dieimmobewertung.ch\/wp-content\/uploads\/2022\/05\/test_chat.png 512w, https:\/\/www.dieimmobewertung.ch\/wp-content\/uploads\/2022\/05\/test_chat-300x300.png 300w, https:\/\/www.dieimmobewertung.ch\/wp-content\/uploads\/2022\/05\/test_chat-150x150.png 150w, https:\/\/www.dieimmobewertung.ch\/wp-content\/uploads\/2022\/05\/test_chat-510x510.png 510w\" sizes=\"auto, (max-width: 512px) 100vw, 512px\" \/><\/a><\/figure>\n<\/div>\n<\/div>\n\n\n\n<div class=\"wp-block-columns is-layout-flex wp-container-core-columns-is-layout-9d6595d7 wp-block-columns-is-layout-flex\">\n<div class=\"wp-block-column parallax parallax_mob is-layout-flow wp-block-column-is-layout-flow\">\n<div class=\"wp-block-columns is-layout-flex wp-container-core-columns-is-layout-9d6595d7 wp-block-columns-is-layout-flex\">\n<div class=\"wp-block-column is-layout-flow wp-block-column-is-layout-flow\"><\/div>\n\n\n\n<div class=\"wp-block-column parallax_content is-layout-flow wp-block-column-is-layout-flow\"><\/div>\n\n\n\n<div class=\"wp-block-column is-layout-flow wp-block-column-is-layout-flow\"><\/div>\n<\/div>\n<\/div>\n<\/div>\n\n\n\n<div class=\"wp-block-columns is-layout-flex wp-container-core-columns-is-layout-9d6595d7 wp-block-columns-is-layout-flex\">\n<div class=\"wp-block-column is-layout-flow wp-block-column-is-layout-flow\">\n<h1 class=\"wp-block-heading\" id=\"die-immobilien-bewertung\">Die Immobilienbewertung<\/h1>\n\n\n\n<p>Eine Bewertung vom Experten macht Sinn. Mit meinem bautechnischen Hintergrund und langj\u00e4hriger Bauerfahrung bewerte ich kompetent, unabh\u00e4ngig und zielorientiert!<\/p>\n<\/div>\n<\/div>\n\n\n\n<div class=\"wp-block-columns is-layout-flex wp-container-core-columns-is-layout-9d6595d7 wp-block-columns-is-layout-flex\">\n<div class=\"wp-block-column parallax is-layout-flow wp-block-column-is-layout-flow\">\n<div class=\"wp-block-columns is-layout-flex wp-container-core-columns-is-layout-9d6595d7 wp-block-columns-is-layout-flex\">\n<div class=\"wp-block-column is-layout-flow wp-block-column-is-layout-flow\"><\/div>\n\n\n\n<div class=\"wp-block-column parallax_content is-layout-flow wp-block-column-is-layout-flow\"><\/div>\n\n\n\n<div class=\"wp-block-column is-layout-flow wp-block-column-is-layout-flow\"><\/div>\n<\/div>\n<\/div>\n<\/div>\n\n\n\n<div class=\"wp-block-columns is-layout-flex wp-container-core-columns-is-layout-9d6595d7 wp-block-columns-is-layout-flex\">\n<div class=\"wp-block-column is-layout-flow wp-block-column-is-layout-flow\">\n<div id=\"definition\" class=\"sprung\"><\/div>\n\n\n\n<h1 class=\"wp-block-heading\" id=\"definition\">Was bedeutet \u00abImmobilienbewertung\u00bb?<\/h1>\n\n\n\n<p>Eine Immobilienbewertung ist ein detaillierter Bericht \u00fcber den Marktwert einer Immobilie. Dieser kann als der gesch\u00e4tzte Verkaufspreis zwischen einem K\u00e4ufer und einem Verk\u00e4ufer definiert werden. Wie die vorsichtige Formulierung andeutet, weicht der endg\u00fcltige Verkaufspreis in der Regel von der im Gutachten enthaltenen Bewertung ab, da es nahezu unm\u00f6glich ist vorherzusagen, wie individuelle Emotionen, Marktkenntnisse und andere Motivationen der Menschen die Verhandlungen beeinflussen k\u00f6nnen.<\/p>\n<\/div>\n<\/div>\n\n\n\n<div class=\"wp-block-columns is-layout-flex wp-container-core-columns-is-layout-9d6595d7 wp-block-columns-is-layout-flex\">\n<div class=\"wp-block-column parallax_2 parallax_2_mob is-layout-flow wp-block-column-is-layout-flow\">\n<div class=\"wp-block-columns is-layout-flex wp-container-core-columns-is-layout-9d6595d7 wp-block-columns-is-layout-flex\">\n<div class=\"wp-block-column is-layout-flow wp-block-column-is-layout-flow\"><\/div>\n\n\n\n<div class=\"wp-block-column parallax_content is-layout-flow wp-block-column-is-layout-flow\"><\/div>\n\n\n\n<div class=\"wp-block-column is-layout-flow wp-block-column-is-layout-flow\"><\/div>\n<\/div>\n<\/div>\n<\/div>\n\n\n\n<div class=\"wp-block-columns is-layout-flex wp-container-core-columns-is-layout-9d6595d7 wp-block-columns-is-layout-flex\">\n<div class=\"wp-block-column is-layout-flow wp-block-column-is-layout-flow\">\n<div id=\"warum\" class=\"sprung\"><\/div>\n\n\n\n<h1 class=\"wp-block-heading\" id=\"warum\">Warum ist die Bewertung einer Immobilie wichtig?<\/h1>\n\n\n\n<p>Eine ausf\u00fchrliche Immobilienbewertung bietet sowohl dem K\u00e4ufer als auch dem Verk\u00e4ufer Vorteile. Indem sie einen klaren Hinweis auf den Marktwert einer Immobilie liefert, reduziert sie das Risiko eines K\u00e4ufers , zu viel f\u00fcr eine Immobilie zu bezahlen \u2013 indem sie eine detaillierte Analyse der Schw\u00e4chen einer Immobilie bietet, kann sie einem Verk\u00e4ufer bei der Entscheidung helfen, welche Renovierungen er vornehmen sollte, um den Wert einer Immobilie zu steigern.<\/p>\n<\/div>\n<\/div>\n\n\n\n<div class=\"wp-block-columns is-layout-flex wp-container-core-columns-is-layout-9d6595d7 wp-block-columns-is-layout-flex\">\n<div class=\"wp-block-column parallax_2 is-layout-flow wp-block-column-is-layout-flow\">\n<div class=\"wp-block-columns is-layout-flex wp-container-core-columns-is-layout-9d6595d7 wp-block-columns-is-layout-flex\">\n<div class=\"wp-block-column is-layout-flow wp-block-column-is-layout-flow\"><\/div>\n\n\n\n<div class=\"wp-block-column parallax_content is-layout-flow wp-block-column-is-layout-flow\"><\/div>\n\n\n\n<div class=\"wp-block-column is-layout-flow wp-block-column-is-layout-flow\"><\/div>\n<\/div>\n<\/div>\n<\/div>\n\n\n\n<div class=\"wp-block-columns is-layout-flex wp-container-core-columns-is-layout-9d6595d7 wp-block-columns-is-layout-flex\">\n<div class=\"wp-block-column is-layout-flow wp-block-column-is-layout-flow\">\n<div id=\"vorgehen\" class=\"sprung\"><\/div>\n\n\n\n<h1 class=\"wp-block-heading\" id=\"vorgehen\">Wie geht man vor, wenn man seine Immobilie sch\u00e4tzen lassen m\u00f6chte.<\/h1>\n\n\n\n<p><strong>Wie l\u00e4sst sich der Wert einer Immobilie sch\u00e4tzen? <br><\/strong><br><\/p>\n\n\n\n<p>F\u00fcr die Immobilienbewertung durch einen Fachmann wird die Expertensch\u00e4tzung vor Ort erstellt, im Unterschied zu einem hedonischen Preismodell, das durch eine Datenbank von Transaktionen erfolgter Verk\u00e4ufe gest\u00fctzt wird.<br><br>In seine Bewertung l\u00e4sst der Immobiliengutachter die Bausubstanz, den Zustand der Liegenschaft sowie die Energieeffizienz und eine Reihe weiterer Eigenschaften einfliessen. Der Experte dokumentiert die Wertsch\u00e4tzung nachvollziehbar in einer schriftlichen Stellungnahme.<\/p>\n<\/div>\n<\/div>\n\n\n\n<div class=\"wp-block-columns is-layout-flex wp-container-core-columns-is-layout-9d6595d7 wp-block-columns-is-layout-flex\">\n<div class=\"wp-block-column parallax_3 parallax_3_mob is-layout-flow wp-block-column-is-layout-flow\">\n<div class=\"wp-block-columns is-layout-flex wp-container-core-columns-is-layout-9d6595d7 wp-block-columns-is-layout-flex\">\n<div class=\"wp-block-column is-layout-flow wp-block-column-is-layout-flow\"><\/div>\n\n\n\n<div class=\"wp-block-column parallax_content is-layout-flow wp-block-column-is-layout-flow\"><\/div>\n\n\n\n<div class=\"wp-block-column is-layout-flow wp-block-column-is-layout-flow\"><\/div>\n<\/div>\n<\/div>\n<\/div>\n\n\n\n<div class=\"wp-block-columns is-layout-flex wp-container-core-columns-is-layout-9d6595d7 wp-block-columns-is-layout-flex\">\n<div class=\"wp-block-column is-layout-flow wp-block-column-is-layout-flow\">\n<div id=\"gutachten\" class=\"sprung\"><\/div>\n\n\n\n<h1 class=\"wp-block-heading\" id=\"gutachten-vom-experten\">Gutachten vom Experten \u2013 dem Immobilienbewerter<\/h1>\n\n\n\n<p>Die Bewertung durch einen Immobilienbewerter eignet sich f\u00fcr Eigent\u00fcmer von allen Arten von Immobilien, die beabsichtigen in naher Zeit zu verkaufen und eine verl\u00e4ssliche Marktpreissch\u00e4tzung von einem Experten w\u00fcnschen.<br><br><strong>Der Immobilienbewerter garantiert eine genaue, verl\u00e4ssliche Bewertung. Man erh\u00e4lt damit die Sicherheit, dass der Marktpreis stimmt.<\/strong><\/p>\n<\/div>\n<\/div>\n\n\n\n<div class=\"wp-block-columns is-layout-flex wp-container-core-columns-is-layout-9d6595d7 wp-block-columns-is-layout-flex\">\n<div class=\"wp-block-column parallax_3 is-layout-flow wp-block-column-is-layout-flow\">\n<div class=\"wp-block-columns is-layout-flex wp-container-core-columns-is-layout-9d6595d7 wp-block-columns-is-layout-flex\">\n<div class=\"wp-block-column is-layout-flow wp-block-column-is-layout-flow\"><\/div>\n\n\n\n<div class=\"wp-block-column parallax_content is-layout-flow wp-block-column-is-layout-flow\"><\/div>\n\n\n\n<div class=\"wp-block-column is-layout-flow wp-block-column-is-layout-flow\"><\/div>\n<\/div>\n<\/div>\n<\/div>\n\n\n\n<div class=\"wp-block-columns is-layout-flex wp-container-core-columns-is-layout-9d6595d7 wp-block-columns-is-layout-flex\">\n<div class=\"wp-block-column is-layout-flow wp-block-column-is-layout-flow\">\n<div id=\"leistungen\" class=\"sprung\"><\/div>\n\n\n\n<h1 class=\"wp-block-heading\" id=\"meine-leistungen-und-starken\">Meine Leistungen und St\u00e4rken als unabh\u00e4ngiger Immobilienbewerter<\/h1>\n\n\n\n<p><strong>Sie w\u00fcnschen eine unabh\u00e4ngige, nach anerkannten Bewertungsgrunds\u00e4tzen erstellte&nbsp;Sch\u00e4tzung Ihrer Liegenschaft?<br><\/strong><br>Der Wert der Liegenschaft basiert auf vielen verschiedenen Faktoren wie Lage, Gr\u00f6sse, Alter, Zustand, aber auch den aktuellen Marktverh\u00e4ltnissen etc. Diesen Wert berechne und analysiere ich objektiv und fundiert im Rahmen einer Marktbewertung. Sie erhalten von mir ein umfassendes Gutachten, welches Ihnen eine Aussage zum Marktwert einer Liegenschaft macht. Ich ermittle Ihnen den Marktwert, der den Wert nach den Begriffen der Swiss Valuation Standards (SVS) widerspiegelt.<\/p>\n\n\n\n<p><strong>Ich empfehle mich insbesondere f\u00fcr Wohneigentum in der Region Oberer Z\u00fcrichsee bis ins Glarnerland.<\/strong><\/p>\n<\/div>\n<\/div>\n\n\n\n<div class=\"wp-block-columns is-layout-flex wp-container-core-columns-is-layout-9d6595d7 wp-block-columns-is-layout-flex\">\n<div class=\"wp-block-column parallax_4 parallax_4_mob is-layout-flow wp-block-column-is-layout-flow\">\n<div class=\"wp-block-columns is-layout-flex wp-container-core-columns-is-layout-9d6595d7 wp-block-columns-is-layout-flex\">\n<div class=\"wp-block-column is-layout-flow wp-block-column-is-layout-flow\"><\/div>\n\n\n\n<div class=\"wp-block-column parallax_content is-layout-flow wp-block-column-is-layout-flow\"><\/div>\n\n\n\n<div class=\"wp-block-column is-layout-flow wp-block-column-is-layout-flow\"><\/div>\n<\/div>\n<\/div>\n<\/div>\n\n\n\n<div class=\"wp-block-columns is-layout-flex wp-container-core-columns-is-layout-9d6595d7 wp-block-columns-is-layout-flex\">\n<div class=\"wp-block-column is-layout-flow wp-block-column-is-layout-flow\">\n<div id=\"kosten\" class=\"sprung\"><\/div>\n\n\n\n<h1 class=\"wp-block-heading\" id=\"kosten-termine\">Was kostet eine unabh\u00e4ngige Immobilienbewertung?<\/h1>\n\n\n\n<p>Die Kosten f\u00fcr ein Immobiliengutachten liegt zwischen CHF 1\u2018000.- und CHF 3000.-.<br>Sie erhalten daf\u00fcr ein Gutachten im Umfang von rund 15 bis 30 Seiten innerhalb von 2 bis 3 Wochen.<\/p>\n<\/div>\n<\/div>\n\n\n\n<div class=\"wp-block-columns is-layout-flex wp-container-core-columns-is-layout-9d6595d7 wp-block-columns-is-layout-flex\">\n<div class=\"wp-block-column parallax_4 is-layout-flow wp-block-column-is-layout-flow\">\n<div class=\"wp-block-columns is-layout-flex wp-container-core-columns-is-layout-9d6595d7 wp-block-columns-is-layout-flex\">\n<div class=\"wp-block-column is-layout-flow wp-block-column-is-layout-flow\"><\/div>\n\n\n\n<div class=\"wp-block-column parallax_content is-layout-flow wp-block-column-is-layout-flow\"><\/div>\n\n\n\n<div class=\"wp-block-column is-layout-flow wp-block-column-is-layout-flow\"><\/div>\n<\/div>\n<\/div>\n<\/div>\n\n\n\n<div id=\"uebermich\" class=\"sprung\"><\/div>\n\n\n\n<div class=\"wp-block-columns is-layout-flex wp-container-core-columns-is-layout-9d6595d7 wp-block-columns-is-layout-flex\">\n<div class=\"wp-block-column is-layout-flow wp-block-column-is-layout-flow\" style=\"flex-basis:33.33%\"><div class=\"wp-block-image\">\n<figure class=\"alignleft size-full is-resized\"><img loading=\"lazy\" decoding=\"async\" width=\"248\" height=\"330\" src=\"https:\/\/www.dieimmobewertung.ch\/wp-content\/uploads\/2022\/02\/bild_ch_meier.jpg\" alt=\"Christoph Meier Immobilienbewerter - Mitglied SIV (Schweizer Immobiliensch\u00e4tzer Verband)\" class=\"wp-image-302\" style=\"width:312px;height:415px\" srcset=\"https:\/\/www.dieimmobewertung.ch\/wp-content\/uploads\/2022\/02\/bild_ch_meier.jpg 248w, https:\/\/www.dieimmobewertung.ch\/wp-content\/uploads\/2022\/02\/bild_ch_meier-225x300.jpg 225w\" sizes=\"auto, (max-width: 248px) 100vw, 248px\" \/><\/figure>\n<\/div><\/div>\n\n\n\n<div class=\"wp-block-column is-layout-flow wp-block-column-is-layout-flow\" style=\"flex-basis:66.66%\">\n<h1 class=\"wp-block-heading\" id=\"uber-mich-1\">\u00dcber mich<\/h1>\n\n\n\n<p>Christoph Meier<br>Aktuelle T\u00e4tigkeit: Immobilienbewertung \/ selbst\u00e4ndige Bauleitung \/ Kostenplanung auf Mandatsbasis<\/p>\n\n\n\n<p>Ausbildung: CAS Immobilienbewertung, Hochschule Luzern | Technischer Kaufmann, Handelsschule Oerlikon | Eidg. dipl. Hochbauzeichner | Mitglied SIV (Schweizer Immobiliensch\u00e4tzer Verband)<\/p>\n\n\n<div class=\"wp-block-image\">\n<figure class=\"alignleft size-full\"><img loading=\"lazy\" decoding=\"async\" width=\"1532\" height=\"385\" src=\"https:\/\/www.dieimmobewertung.ch\/wp-content\/uploads\/2022\/02\/SIV_Logo_rgb_CH.jpg\" alt=\"\" class=\"wp-image-332\" srcset=\"https:\/\/www.dieimmobewertung.ch\/wp-content\/uploads\/2022\/02\/SIV_Logo_rgb_CH.jpg 1532w, https:\/\/www.dieimmobewertung.ch\/wp-content\/uploads\/2022\/02\/SIV_Logo_rgb_CH-300x75.jpg 300w, https:\/\/www.dieimmobewertung.ch\/wp-content\/uploads\/2022\/02\/SIV_Logo_rgb_CH-1024x257.jpg 1024w, https:\/\/www.dieimmobewertung.ch\/wp-content\/uploads\/2022\/02\/SIV_Logo_rgb_CH-768x193.jpg 768w\" sizes=\"auto, (max-width: 1532px) 100vw, 1532px\" \/><\/figure>\n<\/div><\/div>\n<\/div>\n\n\n\n<div id=\"kontakt\" class=\"sprung\"><\/div>\n\n\n\n<div class=\"wp-block-columns is-layout-flex wp-container-core-columns-is-layout-9d6595d7 wp-block-columns-is-layout-flex\">\n<div class=\"wp-block-column is-layout-flow wp-block-column-is-layout-flow\" style=\"flex-basis:33.33%\"><\/div>\n\n\n\n<div class=\"wp-block-column is-layout-flow wp-block-column-is-layout-flow\" style=\"flex-basis:66.66%\">\n<h1 class=\"wp-block-heading\" id=\"kontakt-1\">Kontakt<\/h1>\n\n\n\n<div class=\"wp-block-columns is-layout-flex wp-container-core-columns-is-layout-9d6595d7 wp-block-columns-is-layout-flex\">\n<div class=\"wp-block-column is-layout-flow wp-block-column-is-layout-flow\">\n<p>Meier Dienstleistungen | Chrummb\u00e4chliweg 6b | 8805 Richterswil<\/p>\n\n\n\n<p>| <a href=\"tel:+41794241453\">+41 79 424 14 53<\/a> | <a rel=\"noreferrer noopener\" href=\"mailto:info@dieimmobewertung.ch\" target=\"_blank\">info@dieimmobewertung.ch<\/a><\/p>\n\n\n\n<a href=\"https:\/\/www.iubenda.com\/privacy-policy\/84140587\" class=\"iubenda-white iubenda-noiframe iubenda-embed iubenda-noiframe \" title=\"Datenschutzerkl\u00e4rung \">Datenschutzerkl\u00e4rung<\/a><script type=\"text\/javascript\">(function (w,d) {var loader = function () {var s = d.createElement(\"script\"), tag = d.getElementsByTagName(\"script\")[0]; s.src=\"https:\/\/cdn.iubenda.com\/iubenda.js\"; tag.parentNode.insertBefore(s,tag);}; if(w.addEventListener){w.addEventListener(\"load\", loader, false);}else if(w.attachEvent){w.attachEvent(\"onload\", loader);}else{w.onload = loader;}})(window, document);<\/script>\n<\/div>\n<\/div>\n\n\n\n<p><\/p>\n<\/div>\n<\/div>\n","protected":false},"excerpt":{"rendered":"<p>Die Immobilienbewertung Eine Bewertung vom Experten macht Sinn. Mit meinem bautechnischen Hintergrund und langj\u00e4hriger Bauerfahrung bewerte ich kompetent, unabh\u00e4ngig und zielorientiert! Was bedeutet \u00abImmobilienbewertung\u00bb? Eine Immobilienbewertung ist ein detaillierter Bericht \u00fcber den Marktwert einer Immobilie. Dieser kann als der gesch\u00e4tzte Verkaufspreis zwischen einem K\u00e4ufer und einem Verk\u00e4ufer definiert werden. Wie die vorsichtige Formulierung andeutet, weicht [&hellip;]<\/p>\n","protected":false},"author":1,"featured_media":0,"parent":0,"menu_order":0,"comment_status":"closed","ping_status":"closed","template":"","meta":{"footnotes":""},"class_list":["post-247","page","type-page","status-publish","czr-hentry"],"yoast_head":"<!-- This site is optimized with the Yoast SEO plugin v18.3 - https:\/\/yoast.com\/wordpress\/plugins\/seo\/ -->\r\n<title>Unabh\u00e4ngige Immobilienbewertung -<\/title>\r\n<meta name=\"description\" content=\"Immobilienbewertung \u2713 G\u00fcnstig \u2713 Seri\u00f6s \u2713 Professionell \u2713 Unabh\u00e4ngig. Z\u00fcrichsee, Horgen, H\u00f6fe, Wollerau, Freienbach, Richterswil, W\u00e4denswil, Zimmerberg\" \/>\r\n<meta name=\"robots\" content=\"index, follow, max-snippet:-1, max-image-preview:large, max-video-preview:-1\" \/>\r\n<link rel=\"canonical\" href=\"https:\/\/www.dieimmobewertung.ch\/\" \/>\r\n<meta property=\"og:locale\" content=\"de_DE\" \/>\r\n<meta property=\"og:type\" content=\"article\" \/>\r\n<meta property=\"og:title\" content=\"Unabh\u00e4ngige Immobilienbewertung -\" \/>\r\n<meta property=\"og:description\" content=\"Immobilienbewertung \u2713 G\u00fcnstig \u2713 Seri\u00f6s \u2713 Professionell \u2713 Unabh\u00e4ngig. Z\u00fcrichsee, Horgen, H\u00f6fe, Wollerau, Freienbach, Richterswil, W\u00e4denswil, Zimmerberg\" \/>\r\n<meta property=\"og:url\" content=\"https:\/\/www.dieimmobewertung.ch\/\" \/>\r\n<meta property=\"article:modified_time\" content=\"2024-02-01T10:53:00+00:00\" \/>\r\n<meta property=\"og:image\" content=\"http:\/\/www.dieimmobewertung.ch\/wp-content\/uploads\/2022\/01\/logos_dieimmobewertung.ch_png-1024x95.png\" \/>\r\n<meta name=\"twitter:card\" content=\"summary_large_image\" \/>\r\n<meta name=\"twitter:label1\" content=\"Gesch\u00e4tzte Lesezeit\" \/>\n\t<meta name=\"twitter:data1\" content=\"4\u00a0Minuten\" \/>\r\n<script type=\"application\/ld+json\" class=\"yoast-schema-graph\">{\"@context\":\"https:\/\/schema.org\",\"@graph\":[{\"@type\":\"WebSite\",\"@id\":\"https:\/\/www.dieimmobewertung.ch\/#website\",\"url\":\"https:\/\/www.dieimmobewertung.ch\/\",\"name\":\"\",\"description\":\"\",\"potentialAction\":[{\"@type\":\"SearchAction\",\"target\":{\"@type\":\"EntryPoint\",\"urlTemplate\":\"https:\/\/www.dieimmobewertung.ch\/?s={search_term_string}\"},\"query-input\":\"required name=search_term_string\"}],\"inLanguage\":\"de\"},{\"@type\":\"ImageObject\",\"@id\":\"https:\/\/www.dieimmobewertung.ch\/#primaryimage\",\"inLanguage\":\"de\",\"url\":\"https:\/\/www.dieimmobewertung.ch\/wp-content\/uploads\/2022\/01\/logos_dieimmobewertung.ch_png.png\",\"contentUrl\":\"https:\/\/www.dieimmobewertung.ch\/wp-content\/uploads\/2022\/01\/logos_dieimmobewertung.ch_png.png\",\"width\":2781,\"height\":258},{\"@type\":\"WebPage\",\"@id\":\"https:\/\/www.dieimmobewertung.ch\/#webpage\",\"url\":\"https:\/\/www.dieimmobewertung.ch\/\",\"name\":\"Unabh\u00e4ngige Immobilienbewertung -\",\"isPartOf\":{\"@id\":\"https:\/\/www.dieimmobewertung.ch\/#website\"},\"primaryImageOfPage\":{\"@id\":\"https:\/\/www.dieimmobewertung.ch\/#primaryimage\"},\"datePublished\":\"2022-02-01T16:41:40+00:00\",\"dateModified\":\"2024-02-01T10:53:00+00:00\",\"description\":\"Immobilienbewertung \u2713 G\u00fcnstig \u2713 Seri\u00f6s \u2713 Professionell \u2713 Unabh\u00e4ngig. Z\u00fcrichsee, Horgen, H\u00f6fe, Wollerau, Freienbach, Richterswil, W\u00e4denswil, Zimmerberg\",\"breadcrumb\":{\"@id\":\"https:\/\/www.dieimmobewertung.ch\/#breadcrumb\"},\"inLanguage\":\"de\",\"potentialAction\":[{\"@type\":\"ReadAction\",\"target\":[\"https:\/\/www.dieimmobewertung.ch\/\"]}]},{\"@type\":\"BreadcrumbList\",\"@id\":\"https:\/\/www.dieimmobewertung.ch\/#breadcrumb\",\"itemListElement\":[{\"@type\":\"ListItem\",\"position\":1,\"name\":\"Startseite\",\"item\":\"https:\/\/www.dieimmobewertung.ch\/\"},{\"@type\":\"ListItem\",\"position\":2,\"name\":\"Unabh\u00e4ngige Immobilienbewertung\"}]}]}<\/script>\r\n<!-- \/ Yoast SEO plugin. -->","yoast_head_json":{"title":"Unabh\u00e4ngige Immobilienbewertung -","description":"Immobilienbewertung \u2713 G\u00fcnstig \u2713 Seri\u00f6s \u2713 Professionell \u2713 Unabh\u00e4ngig. Z\u00fcrichsee, Horgen, H\u00f6fe, Wollerau, Freienbach, Richterswil, W\u00e4denswil, Zimmerberg","robots":{"index":"index","follow":"follow","max-snippet":"max-snippet:-1","max-image-preview":"max-image-preview:large","max-video-preview":"max-video-preview:-1"},"canonical":"https:\/\/www.dieimmobewertung.ch\/","og_locale":"de_DE","og_type":"article","og_title":"Unabh\u00e4ngige Immobilienbewertung -","og_description":"Immobilienbewertung \u2713 G\u00fcnstig \u2713 Seri\u00f6s \u2713 Professionell \u2713 Unabh\u00e4ngig. Z\u00fcrichsee, Horgen, H\u00f6fe, Wollerau, Freienbach, Richterswil, W\u00e4denswil, Zimmerberg","og_url":"https:\/\/www.dieimmobewertung.ch\/","article_modified_time":"2024-02-01T10:53:00+00:00","og_image":[{"url":"http:\/\/www.dieimmobewertung.ch\/wp-content\/uploads\/2022\/01\/logos_dieimmobewertung.ch_png-1024x95.png"}],"twitter_card":"summary_large_image","twitter_misc":{"Gesch\u00e4tzte Lesezeit":"4\u00a0Minuten"},"schema":{"@context":"https:\/\/schema.org","@graph":[{"@type":"WebSite","@id":"https:\/\/www.dieimmobewertung.ch\/#website","url":"https:\/\/www.dieimmobewertung.ch\/","name":"","description":"","potentialAction":[{"@type":"SearchAction","target":{"@type":"EntryPoint","urlTemplate":"https:\/\/www.dieimmobewertung.ch\/?s={search_term_string}"},"query-input":"required name=search_term_string"}],"inLanguage":"de"},{"@type":"ImageObject","@id":"https:\/\/www.dieimmobewertung.ch\/#primaryimage","inLanguage":"de","url":"https:\/\/www.dieimmobewertung.ch\/wp-content\/uploads\/2022\/01\/logos_dieimmobewertung.ch_png.png","contentUrl":"https:\/\/www.dieimmobewertung.ch\/wp-content\/uploads\/2022\/01\/logos_dieimmobewertung.ch_png.png","width":2781,"height":258},{"@type":"WebPage","@id":"https:\/\/www.dieimmobewertung.ch\/#webpage","url":"https:\/\/www.dieimmobewertung.ch\/","name":"Unabh\u00e4ngige Immobilienbewertung -","isPartOf":{"@id":"https:\/\/www.dieimmobewertung.ch\/#website"},"primaryImageOfPage":{"@id":"https:\/\/www.dieimmobewertung.ch\/#primaryimage"},"datePublished":"2022-02-01T16:41:40+00:00","dateModified":"2024-02-01T10:53:00+00:00","description":"Immobilienbewertung \u2713 G\u00fcnstig \u2713 Seri\u00f6s \u2713 Professionell \u2713 Unabh\u00e4ngig. Z\u00fcrichsee, Horgen, H\u00f6fe, Wollerau, Freienbach, Richterswil, W\u00e4denswil, Zimmerberg","breadcrumb":{"@id":"https:\/\/www.dieimmobewertung.ch\/#breadcrumb"},"inLanguage":"de","potentialAction":[{"@type":"ReadAction","target":["https:\/\/www.dieimmobewertung.ch\/"]}]},{"@type":"BreadcrumbList","@id":"https:\/\/www.dieimmobewertung.ch\/#breadcrumb","itemListElement":[{"@type":"ListItem","position":1,"name":"Startseite","item":"https:\/\/www.dieimmobewertung.ch\/"},{"@type":"ListItem","position":2,"name":"Unabh\u00e4ngige Immobilienbewertung"}]}]}},"_links":{"self":[{"href":"https:\/\/www.dieimmobewertung.ch\/index.php?rest_route=\/wp\/v2\/pages\/247","targetHints":{"allow":["GET"]}}],"collection":[{"href":"https:\/\/www.dieimmobewertung.ch\/index.php?rest_route=\/wp\/v2\/pages"}],"about":[{"href":"https:\/\/www.dieimmobewertung.ch\/index.php?rest_route=\/wp\/v2\/types\/page"}],"author":[{"embeddable":true,"href":"https:\/\/www.dieimmobewertung.ch\/index.php?rest_route=\/wp\/v2\/users\/1"}],"replies":[{"embeddable":true,"href":"https:\/\/www.dieimmobewertung.ch\/index.php?rest_route=%2Fwp%2Fv2%2Fcomments&post=247"}],"version-history":[{"count":53,"href":"https:\/\/www.dieimmobewertung.ch\/index.php?rest_route=\/wp\/v2\/pages\/247\/revisions"}],"predecessor-version":[{"id":419,"href":"https:\/\/www.dieimmobewertung.ch\/index.php?rest_route=\/wp\/v2\/pages\/247\/revisions\/419"}],"wp:attachment":[{"href":"https:\/\/www.dieimmobewertung.ch\/index.php?rest_route=%2Fwp%2Fv2%2Fmedia&parent=247"}],"curies":[{"name":"wp","href":"https:\/\/api.w.org\/{rel}","templated":true}]}}